{"id":87,"date":"2024-05-24T19:23:35","date_gmt":"2024-05-24T19:23:35","guid":{"rendered":"https:\/\/perfs.dev\/?page_id=87"},"modified":"2024-05-25T11:42:02","modified_gmt":"2024-05-25T11:42:02","slug":"us","status":"publish","type":"page","link":"https:\/\/perfs.dev\/en\/us","title":{"rendered":"Us"},"content":{"rendered":"<div data-elementor-type=\"wp-page\" data-elementor-id=\"87\" class=\"elementor elementor-87\" data-elementor-post-type=\"page\">\n\t\t\t\t<div class=\"elementor-element elementor-element-f934b41 e-flex e-con-boxed e-con e-parent\" data-id=\"f934b41\" data-element_type=\"container\" data-e-type=\"container\">\n\t\t\t\t\t<div class=\"e-con-inner\">\n\t\t\t\t<div class=\"elementor-element elementor-element-ad18cb4 elementor-widget elementor-widget-heading\" data-id=\"ad18cb4\" data-element_type=\"widget\" data-e-type=\"widget\" data-widget_type=\"heading.default\">\n\t\t\t\t<div class=\"elementor-widget-container\">\n\t\t\t\t\t<h2 class=\"elementor-heading-title elementor-size-default\">US<\/h2>\t\t\t\t<\/div>\n\t\t\t\t<\/div>\n\t\t\t\t<div class=\"elementor-element elementor-element-e9eeb3e elementor-widget elementor-widget-text-editor\" data-id=\"e9eeb3e\" data-element_type=\"widget\" data-e-type=\"widget\" data-widget_type=\"text-editor.default\">\n\t\t\t\t<div class=\"elementor-widget-container\">\n\t\t\t\t\t\t\t\t\tRoman Podeszwa was born in Duisburg and initially\nstudied film at 20th Century Fox in Los Angeles and later switching to musicology at the\nUniversity of Cologne. In 2007, he participated in composition courses with Karlheinz\nStockhausen in K\u00fcrten, released several studio albums of electronic music and received\ncommissions for composition from the Cologne Society for New Music. Eventually, he\nstudied Fine Arts at the M\u00fcnster Art Academy under Daniele Buetti, graduating as\nMeistersch\u00fcler in 2019. During his studies, he focused on drawing, performance and sound art,\nexhibiting at venues such as KIT (D\u00fcsseldorf) and Lian Contemporary Art Space (Shanghai).\nFurther commissions for video montages came from the Museum Rietberg (Zurich) and the\nMus\u00e9e des Confluences (Lyon). From 2021 onwards, he shifted his focus to digital and virtual\nart, releasing virtual installation spaces on Spatial.io. With the collective PERFS,\nhe explores the interface between real and virtual performance.\t\t\t\t\t\t\t\t<\/div>\n\t\t\t\t<\/div>\n\t\t\t\t<div class=\"elementor-element elementor-element-015dd9a elementor-widget elementor-widget-text-editor\" data-id=\"015dd9a\" data-element_type=\"widget\" data-e-type=\"widget\" data-widget_type=\"text-editor.default\">\n\t\t\t\t<div class=\"elementor-widget-container\">\n\t\t\t\t\t\t\t\t\tStephanie Sczepanek works as a artist, performer, and (digital) storyteller. Her works span both\nthe real and digital worlds, combining process-oriented actions with cooperation and\nnetworking. She has received several scholarships and awards, including the 2022 Innovative\nArt Projects funding from the Neustart Kultur program of the BBK and the 2021 Art Prize from\nSparkasse UNNA. She has exhibited nationally and internationally, including at the Lehmbruck\nMuseum (Duisburg), the Ostwall Museum (Dortmund), KIT (D\u00fcsseldorf), b\u00fcrobasel (Basel), and\nLian Contemporary Art Space (Shanghai). She studied art history, classical archaeology, and\nphilosophy at the University of M\u00fcnster, completing her studies there with a Magister Artium\ndegree. At the M\u00fcnster Art Academy, she studied Fine Arts under Daniele Buetti, graduating as\nMeistersch\u00fclerin in 2017. Since 2022, she has been exploring the possibilities of interaction\nbetween physical and virtual art. Sczepanek's works are primarily performative but can also\nbe experienced at various happenings, workshops or projects. With the PERFS collective, she\nexplores the interface between real and virtual performance.\t\t\t\t\t\t\t\t<\/div>\n\t\t\t\t<\/div>\n\t\t\t\t\t<\/div>\n\t\t\t\t<\/div>\n\t\t\t\t<\/div>","protected":false},"excerpt":{"rendered":"<p>US Roman Podeszwa wurde in Duisburg geboren und studierte zun\u00e4chst Film bei 20th Century Fox in Los Angeles, wechselte sp\u00e4ter zum Fach der Musikwissenschaften an der Universit\u00e4t zu K\u00f6ln. 2007 nahm er an den Kompositionskursen von Karlheinz Stockhausen in K\u00fcrten teil, ver\u00f6ffentlichte mehrere Studioalben mit elektronischer Musik und erhielt mehrere Kompositionsauftr\u00e4ge der K\u00f6lner Gesellschaft f\u00fcr [&hellip;]<\/p>\n","protected":false},"author":1,"featured_media":0,"parent":0,"menu_order":0,"comment_status":"closed","ping_status":"closed","template":"elementor_header_footer","meta":{"footnotes":""},"class_list":["post-87","page","type-page","status-publish","hentry"],"_links":{"self":[{"href":"https:\/\/perfs.dev\/en\/wp-json\/wp\/v2\/pages\/87","targetHints":{"allow":["GET"]}}],"collection":[{"href":"https:\/\/perfs.dev\/en\/wp-json\/wp\/v2\/pages"}],"about":[{"href":"https:\/\/perfs.dev\/en\/wp-json\/wp\/v2\/types\/page"}],"author":[{"embeddable":true,"href":"https:\/\/perfs.dev\/en\/wp-json\/wp\/v2\/users\/1"}],"replies":[{"embeddable":true,"href":"https:\/\/perfs.dev\/en\/wp-json\/wp\/v2\/comments?post=87"}],"version-history":[{"count":16,"href":"https:\/\/perfs.dev\/en\/wp-json\/wp\/v2\/pages\/87\/revisions"}],"predecessor-version":[{"id":195,"href":"https:\/\/perfs.dev\/en\/wp-json\/wp\/v2\/pages\/87\/revisions\/195"}],"wp:attachment":[{"href":"https:\/\/perfs.dev\/en\/wp-json\/wp\/v2\/media?parent=87"}],"curies":[{"name":"wp","href":"https:\/\/api.w.org\/{rel}","templated":true}]}}