{"id":72,"date":"2024-05-24T19:20:42","date_gmt":"2024-05-24T19:20:42","guid":{"rendered":"https:\/\/perfs.dev\/?page_id=72"},"modified":"2024-05-25T11:41:09","modified_gmt":"2024-05-25T11:41:09","slug":"about","status":"publish","type":"page","link":"https:\/\/perfs.dev\/en\/about","title":{"rendered":"About"},"content":{"rendered":"<div data-elementor-type=\"wp-page\" data-elementor-id=\"72\" class=\"elementor elementor-72\" data-elementor-post-type=\"page\">\n\t\t\t\t<div class=\"elementor-element elementor-element-fa4d6a2 e-flex e-con-boxed e-con e-parent\" data-id=\"fa4d6a2\" data-element_type=\"container\" data-e-type=\"container\">\n\t\t\t\t\t<div class=\"e-con-inner\">\n\t\t\t\t<div class=\"elementor-element elementor-element-e6919ab elementor-widget elementor-widget-heading\" data-id=\"e6919ab\" data-element_type=\"widget\" data-e-type=\"widget\" data-widget_type=\"heading.default\">\n\t\t\t\t<div class=\"elementor-widget-container\">\n\t\t\t\t\t<h2 class=\"elementor-heading-title elementor-size-default\">ABOUT<\/h2>\t\t\t\t<\/div>\n\t\t\t\t<\/div>\n\t\t\t\t<div class=\"elementor-element elementor-element-d2f3c66 elementor-widget elementor-widget-text-editor\" data-id=\"d2f3c66\" data-element_type=\"widget\" data-e-type=\"widget\" data-widget_type=\"text-editor.default\">\n\t\t\t\t<div class=\"elementor-widget-container\">\n\t\t\t\t\t\t\t\t\t<p>Now is always.<br \/>Every action is a story.<br \/>Radical optimism is a muscle.<br \/>Virtuality is more reality.<br \/>Unplanned actions, spontaneous moments.<br \/>The vocabulary of real time.<br \/>The coordinate between interactive reality and virtual presence.<br \/>Technologies in beta stage<br \/>Fear knows only one boss: doing it.<\/p>\t\t\t\t\t\t\t\t<\/div>\n\t\t\t\t<\/div>\n\t\t\t\t\t<\/div>\n\t\t\t\t<\/div>\n\t\t\t\t<\/div>","protected":false},"excerpt":{"rendered":"<p>ABOUT Jetzt ist immer.Jede Handlung ist eine Geschichte.Radikaler Optimismus ist ein MuskelVirtualit\u00e4t ist mehr Realit\u00e4t.Ungeplante Aktionen, spontane Momente.Das Vokabular der Echtzeit.Die Koordinate zwischen interaktiver Realit\u00e4t und virtueller Pr\u00e4senz.Technologien im Beta-StadiumAngst kennt nur einen Endgegner: es tun.<\/p>","protected":false},"author":1,"featured_media":0,"parent":0,"menu_order":0,"comment_status":"closed","ping_status":"closed","template":"elementor_header_footer","meta":{"footnotes":""},"class_list":["post-72","page","type-page","status-publish","hentry"],"_links":{"self":[{"href":"https:\/\/perfs.dev\/en\/wp-json\/wp\/v2\/pages\/72","targetHints":{"allow":["GET"]}}],"collection":[{"href":"https:\/\/perfs.dev\/en\/wp-json\/wp\/v2\/pages"}],"about":[{"href":"https:\/\/perfs.dev\/en\/wp-json\/wp\/v2\/types\/page"}],"author":[{"embeddable":true,"href":"https:\/\/perfs.dev\/en\/wp-json\/wp\/v2\/users\/1"}],"replies":[{"embeddable":true,"href":"https:\/\/perfs.dev\/en\/wp-json\/wp\/v2\/comments?post=72"}],"version-history":[{"count":22,"href":"https:\/\/perfs.dev\/en\/wp-json\/wp\/v2\/pages\/72\/revisions"}],"predecessor-version":[{"id":192,"href":"https:\/\/perfs.dev\/en\/wp-json\/wp\/v2\/pages\/72\/revisions\/192"}],"wp:attachment":[{"href":"https:\/\/perfs.dev\/en\/wp-json\/wp\/v2\/media?parent=72"}],"curies":[{"name":"wp","href":"https:\/\/api.w.org\/{rel}","templated":true}]}}