{"id":33,"date":"2024-05-24T19:01:41","date_gmt":"2024-05-24T19:01:41","guid":{"rendered":"https:\/\/perfs.dev\/?page_id=33"},"modified":"2025-01-24T10:18:07","modified_gmt":"2025-01-24T10:18:07","slug":"startseite","status":"publish","type":"page","link":"https:\/\/perfs.dev\/en\/","title":{"rendered":"Startseite"},"content":{"rendered":"<div data-elementor-type=\"wp-page\" data-elementor-id=\"33\" class=\"elementor elementor-33\" data-elementor-post-type=\"page\">\n\t\t\t\t<div class=\"elementor-element elementor-element-bc174e7 e-flex e-con-boxed e-con e-parent\" data-id=\"bc174e7\" data-element_type=\"container\" data-e-type=\"container\">\n\t\t\t\t\t<div class=\"e-con-inner\">\n\t\t<div class=\"elementor-element elementor-element-713913f e-con-full e-flex e-con e-child\" data-id=\"713913f\" data-element_type=\"container\" data-e-type=\"container\">\n\t\t\t\t<div class=\"elementor-element elementor-element-f344c2f elementor-widget elementor-widget-heading\" data-id=\"f344c2f\" data-element_type=\"widget\" data-e-type=\"widget\" data-widget_type=\"heading.default\">\n\t\t\t\t<div class=\"elementor-widget-container\">\n\t\t\t\t\t<h2 class=\"elementor-heading-title elementor-size-default\">Past<\/h2>\t\t\t\t<\/div>\n\t\t\t\t<\/div>\n\t\t\t\t<div class=\"elementor-element elementor-element-7088e1a elementor-widget elementor-widget-image\" data-id=\"7088e1a\" data-element_type=\"widget\" data-e-type=\"widget\" data-widget_type=\"image.default\">\n\t\t\t\t<div class=\"elementor-widget-container\">\n\t\t\t\t\t\t\t\t\t\t\t\t\t\t\t<img fetchpriority=\"high\" decoding=\"async\" width=\"709\" height=\"472\" src=\"https:\/\/perfs.dev\/wp-content\/uploads\/2024\/05\/PAST_masters-of-the-metaverse.jpg\" class=\"attachment-large size-large wp-image-56\" alt=\"\" srcset=\"https:\/\/perfs.dev\/wp-content\/uploads\/2024\/05\/PAST_masters-of-the-metaverse.jpg 709w, https:\/\/perfs.dev\/wp-content\/uploads\/2024\/05\/PAST_masters-of-the-metaverse-300x200.jpg 300w\" sizes=\"(max-width: 709px) 100vw, 709px\" \/>\t\t\t\t\t\t\t\t\t\t\t\t\t\t\t<\/div>\n\t\t\t\t<\/div>\n\t\t\t\t<div class=\"elementor-element elementor-element-5bd8603 elementor-widget elementor-widget-text-editor\" data-id=\"5bd8603\" data-element_type=\"widget\" data-e-type=\"widget\" data-widget_type=\"text-editor.default\">\n\t\t\t\t<div class=\"elementor-widget-container\">\n\t\t\t\t\t\t\t\t\t<p>masters of the metaverse<br \/>2023<br \/>Kunstverein Ahlen,<br \/>Performance, Video, VR-Space, Metaverse<br \/><br \/>Sandra Pulina, Roman Podeszwa, Stephanie Sczepanek<\/p>\t\t\t\t\t\t\t\t<\/div>\n\t\t\t\t<\/div>\n\t\t\t\t<div class=\"elementor-element elementor-element-3715a85 elementor-widget elementor-widget-text-editor\" data-id=\"3715a85\" data-element_type=\"widget\" data-e-type=\"widget\" data-widget_type=\"text-editor.default\">\n\t\t\t\t<div class=\"elementor-widget-container\">\n\t\t\t\t\t\t\t\t\tIn cooperation with the Kunstverein Ahlen, the DSLP collective created a hybrid space of real\nand virtual art to explore new levels in digital space. Public places in Ahlen were explored\nand workshops were held to gather impressions and record them in a visual diary. These\nimpressions were later shown in an AR\/VR presentation and discussed in panels and live\ninterviews on social media such as Instagram.\t\t\t\t\t\t\t\t<\/div>\n\t\t\t\t<\/div>\n\t\t\t\t<\/div>\n\t\t<div class=\"elementor-element elementor-element-586bf50 e-con-full e-flex e-con e-child\" data-id=\"586bf50\" data-element_type=\"container\" data-e-type=\"container\">\n\t\t\t\t<div class=\"elementor-element elementor-element-f5c1117 elementor-widget elementor-widget-heading\" data-id=\"f5c1117\" data-element_type=\"widget\" data-e-type=\"widget\" data-widget_type=\"heading.default\">\n\t\t\t\t<div class=\"elementor-widget-container\">\n\t\t\t\t\t<h2 class=\"elementor-heading-title elementor-size-default\">Present<\/h2>\t\t\t\t<\/div>\n\t\t\t\t<\/div>\n\t\t\t\t<div class=\"elementor-element elementor-element-ef502fd elementor-widget elementor-widget-image\" data-id=\"ef502fd\" data-element_type=\"widget\" data-e-type=\"widget\" data-widget_type=\"image.default\">\n\t\t\t\t<div class=\"elementor-widget-container\">\n\t\t\t\t\t\t\t\t\t\t\t\t\t\t\t<img decoding=\"async\" width=\"800\" height=\"534\" src=\"https:\/\/perfs.dev\/wp-content\/uploads\/2024\/08\/Are-we-here_1.jpg\" class=\"attachment-large size-large wp-image-220\" alt=\"\" srcset=\"https:\/\/perfs.dev\/wp-content\/uploads\/2024\/08\/Are-we-here_1.jpg 992w, https:\/\/perfs.dev\/wp-content\/uploads\/2024\/08\/Are-we-here_1-300x200.jpg 300w, https:\/\/perfs.dev\/wp-content\/uploads\/2024\/08\/Are-we-here_1-768x513.jpg 768w, https:\/\/perfs.dev\/wp-content\/uploads\/2024\/08\/Are-we-here_1-18x12.jpg 18w\" sizes=\"(max-width: 800px) 100vw, 800px\" \/>\t\t\t\t\t\t\t\t\t\t\t\t\t\t\t<\/div>\n\t\t\t\t<\/div>\n\t\t\t\t<div class=\"elementor-element elementor-element-9a9fc85 elementor-widget elementor-widget-text-editor\" data-id=\"9a9fc85\" data-element_type=\"widget\" data-e-type=\"widget\" data-widget_type=\"text-editor.default\">\n\t\t\t\t<div class=\"elementor-widget-container\">\n\t\t\t\t\t\t\t\t\t<p>Are we here<br \/>2024<br \/>Kunstverein G\u00fctersloh,  May 26<br \/>Hybride Performance, Video, VR-Space, Metaverse<\/p><p>Stephanie Sczepanek und Roman Podeszwa<\/p>\t\t\t\t\t\t\t\t<\/div>\n\t\t\t\t<\/div>\n\t\t\t\t<div class=\"elementor-element elementor-element-b0ad938 elementor-widget elementor-widget-text-editor\" data-id=\"b0ad938\" data-element_type=\"widget\" data-e-type=\"widget\" data-widget_type=\"text-editor.default\">\n\t\t\t\t<div class=\"elementor-widget-container\">\n\t\t\t\t\t\t\t\t\tThe performance addresses the fusion of real and virtual reality and explores the\nboundaries between the two worlds. It examines how perceptions and experiences are\ninfluenced and changed in physical and digital space. Viewers are actively involved,\nwhich questions their role and perception and sheds light on the duality of existence as\nreal people and virtual avatars.\t\t\t\t\t\t\t\t<\/div>\n\t\t\t\t<\/div>\n\t\t\t\t<\/div>\n\t\t<div class=\"elementor-element elementor-element-17a0325 e-con-full e-flex e-con e-child\" data-id=\"17a0325\" data-element_type=\"container\" data-e-type=\"container\">\n\t\t\t\t<div class=\"elementor-element elementor-element-1c19014 elementor-widget elementor-widget-heading\" data-id=\"1c19014\" data-element_type=\"widget\" data-e-type=\"widget\" data-widget_type=\"heading.default\">\n\t\t\t\t<div class=\"elementor-widget-container\">\n\t\t\t\t\t<h2 class=\"elementor-heading-title elementor-size-default\">Future<\/h2>\t\t\t\t<\/div>\n\t\t\t\t<\/div>\n\t\t\t\t<div class=\"elementor-element elementor-element-fcdddee elementor-widget elementor-widget-image\" data-id=\"fcdddee\" data-element_type=\"widget\" data-e-type=\"widget\" data-widget_type=\"image.default\">\n\t\t\t\t<div class=\"elementor-widget-container\">\n\t\t\t\t\t\t\t\t\t\t\t\t\t\t\t<img decoding=\"async\" width=\"800\" height=\"534\" src=\"https:\/\/perfs.dev\/wp-content\/uploads\/2025\/01\/IMG_8499.jpeg\" class=\"attachment-large size-large wp-image-293\" alt=\"\" srcset=\"https:\/\/perfs.dev\/wp-content\/uploads\/2025\/01\/IMG_8499.jpeg 992w, https:\/\/perfs.dev\/wp-content\/uploads\/2025\/01\/IMG_8499-300x200.jpeg 300w, https:\/\/perfs.dev\/wp-content\/uploads\/2025\/01\/IMG_8499-768x513.jpeg 768w, https:\/\/perfs.dev\/wp-content\/uploads\/2025\/01\/IMG_8499-18x12.jpeg 18w\" sizes=\"(max-width: 800px) 100vw, 800px\" \/>\t\t\t\t\t\t\t\t\t\t\t\t\t\t\t<\/div>\n\t\t\t\t<\/div>\n\t\t\t\t<div class=\"elementor-element elementor-element-fa39cf3 elementor-widget elementor-widget-text-editor\" data-id=\"fa39cf3\" data-element_type=\"widget\" data-e-type=\"widget\" data-widget_type=\"text-editor.default\">\n\t\t\t\t<div class=\"elementor-widget-container\">\n\t\t\t\t\t\t\t\t\t<p><strong>erinner(e) mich<\/strong><br \/><strong>2024<\/strong><br \/><strong>Kunstverein Ahlen<\/strong><br \/><b>Performance, Video, VR-Space<\/b><\/p><p><strong>Roman Podeszwa, Stephanie Sczepanek<\/strong><\/p>\t\t\t\t\t\t\t\t<\/div>\n\t\t\t\t<\/div>\n\t\t\t\t<div class=\"elementor-element elementor-element-2b45c65 elementor-widget elementor-widget-text-editor\" data-id=\"2b45c65\" data-element_type=\"widget\" data-e-type=\"widget\" data-widget_type=\"text-editor.default\">\n\t\t\t\t<div class=\"elementor-widget-container\">\n\t\t\t\t\t\t\t\t\t<p>Diese hybride Installation mit performativer Intervention schafft einen flie\u00dfenden \u00dcbergang zwischen physischen und digitalen Welten und erm\u00f6glicht es Besucher:innen, beide Ebenen simultan zu erleben. Ein zentraler Aspekt der Arbeit ist die Reflexion dar\u00fcber, wie Erlebnisse in der virtuellen und realen Welt Erinnerungen und Identit\u00e4ten pr\u00e4gen. Dabei steht die Wechselwirkung beider Welten im Fokus: Was nehmen wir aus der virtuellen Realit\u00e4t mit in die physische und umgekehrt?<\/p><p>Die Installation umfasst 3D-gedruckte K\u00f6rperscans der K\u00fcnstler:innen mit projizierten Echtzeit-Performances der Gesichter, die im Raum als lebensgro\u00dfe Skulpturen und gleichzeitig als digitale Zwillinge im virtuellen Raum eingebettet sind. Die Figuren dienen als &#8222;Guardians&#8220;, die den \u00dcbergang zwischen realer und virtueller Welt markieren und die simultane Existenz beider Welten sichtbar machen.<\/p><p>Stephanie Sczepanek f\u00fchrt performative Interventionen durch, die den Ausstellungsaum und seine Atmosph\u00e4re unmittelbar erfahrbar machen. Der Raum wurde zudem gescannt und von Roman Podeszwa als virtuelle Dimension im Ma\u00dfstab 1:1 nachgebaut &#8211; ruin\u00f6s und urwaldartig \u00fcberwuchert wie eine dystopische Erinnerung. Die Besucher:innen k\u00f6nnen diesen scheinbar in einer anderen Zeit existierenden Raum mit VR Headsets begehen und erkunden.<\/p><p>Diese Installation im Kunstverein Ahlen erm\u00f6glicht eine Kombination aus k\u00f6rperlicher und virtueller Erfahrung, die die Grenzen zwischen Realit\u00e4ten verschwimmen l\u00e4sst und neue Perspektiven auf die Wahrnehmung von Raum schafft.<\/p>\t\t\t\t\t\t\t\t<\/div>\n\t\t\t\t<\/div>\n\t\t\t\t<\/div>\n\t\t\t\t\t<\/div>\n\t\t\t\t<\/div>\n\t\t\t\t<\/div>","protected":false},"excerpt":{"rendered":"<p>Past masters of the metaverse2023Kunstverein Ahlen,Performance, Video, VR-Space, Metaverse Sandra Pulina, Roman Podeszwa, Stephanie Sczepanek In Kooperation mit dem Kunstverein Ahlen schuf das Kollektiv DSLP einen hybriden Raum aus realer und virtueller Kunst, um neue Ebenen im digitalen Raum zu erforschen. \u00d6ffentliche Orte in Ahlen wurden erkundet und Workshops abgehalten, um Eindr\u00fccke zu sammeln und [&hellip;]<\/p>\n","protected":false},"author":1,"featured_media":0,"parent":0,"menu_order":0,"comment_status":"closed","ping_status":"closed","template":"elementor_header_footer","meta":{"footnotes":""},"class_list":["post-33","page","type-page","status-publish","hentry"],"_links":{"self":[{"href":"https:\/\/perfs.dev\/en\/wp-json\/wp\/v2\/pages\/33","targetHints":{"allow":["GET"]}}],"collection":[{"href":"https:\/\/perfs.dev\/en\/wp-json\/wp\/v2\/pages"}],"about":[{"href":"https:\/\/perfs.dev\/en\/wp-json\/wp\/v2\/types\/page"}],"author":[{"embeddable":true,"href":"https:\/\/perfs.dev\/en\/wp-json\/wp\/v2\/users\/1"}],"replies":[{"embeddable":true,"href":"https:\/\/perfs.dev\/en\/wp-json\/wp\/v2\/comments?post=33"}],"version-history":[{"count":44,"href":"https:\/\/perfs.dev\/en\/wp-json\/wp\/v2\/pages\/33\/revisions"}],"predecessor-version":[{"id":297,"href":"https:\/\/perfs.dev\/en\/wp-json\/wp\/v2\/pages\/33\/revisions\/297"}],"wp:attachment":[{"href":"https:\/\/perfs.dev\/en\/wp-json\/wp\/v2\/media?parent=33"}],"curies":[{"name":"wp","href":"https:\/\/api.w.org\/{rel}","templated":true}]}}